{"id":29,"date":"2019-08-27T20:07:49","date_gmt":"2019-08-27T18:07:49","guid":{"rendered":"http:\/\/www.band-coco.ch\/?page_id=29"},"modified":"2026-04-12T00:15:40","modified_gmt":"2026-04-11T22:15:40","slug":"ueber-uns","status":"publish","type":"page","link":"https:\/\/www.band-coco.ch\/?page_id=29","title":{"rendered":"\u00dcber uns"},"content":{"rendered":"\n<p class=\"has-x-large-font-size\" style=\"line-height:1.6\">Teilen ist bekanntlich sch\u00f6n. Und wir teilen was Besonderes: Das Musik machen. Weil es zusammen einfach lustiger ist. Wir sind Saida, Sarah und Tamara und haben uns 2013 unverhofft gefunden. Seit da schreiben wir in einer abgelegenen Holzh\u00fctte Lieder f\u00fcr unser liebstes Publikum \u2013 Kinder!\u00a0\u00a0Sind diese Lieder einmal fertig, proben wir sie in der Stube und essen dazu viele Guetsli.\u00a0Fr\u00fcher haben wir Strassenmusik gemacht und diese unbek\u00fcmmerte, direkte Art des Musizierens beibehalten.\u00a0Rikiki heisst \u00fcbrigens winzig klein auf Franz\u00f6sisch. Und Coco Rikiki klingt doch wie ein Tierger\u00e4usch, oder?\u00a0<br><\/p>\n\n\n\n<p class=\"has-x-large-font-size\" style=\"line-height:1.6\"><\/p>\n\n\n\n<p class=\"has-x-large-font-size\" style=\"line-height:1.6\"><\/p>\n\n\n\n<p class=\"has-x-large-font-size\" style=\"line-height:1.6\">Saida Hauser &#8212; Gesang und Gitarre<br>Tamara Weibel &#8212; Gesang, Drums, Querfl\u00f6te und Gitarre<br>Sarah Allenspach &#8212; Bass und Gesang<\/p>\n\n\n\n<p><\/p>\n","protected":false},"excerpt":{"rendered":"<p>Teilen ist bekanntlich sch\u00f6n. Und wir teilen was Besonderes: Das Musik machen. Weil es zusammen einfach lustiger ist. Wir sind Saida, Sarah und Tamara und haben uns 2013 unverhofft gefunden. Seit da schreiben wir in einer abgelegenen Holzh\u00fctte Lieder f\u00fcr unser liebstes Publikum \u2013 Kinder!\u00a0\u00a0Sind diese Lieder einmal fertig, proben wir sie in der Stube [&hellip;]<\/p>\n","protected":false},"author":1,"featured_media":200,"parent":0,"menu_order":1,"comment_status":"closed","ping_status":"closed","template":"","meta":{"site-container-style":"default","site-container-layout":"default","site-sidebar-layout":"default","site-transparent-header":"default","disable-article-header":"default","disable-site-header":"default","disable-site-footer":"default","disable-content-area-spacing":"default","footnotes":""},"class_list":["post-29","page","type-page","status-publish","has-post-thumbnail","hentry"],"_links":{"self":[{"href":"https:\/\/www.band-coco.ch\/index.php?rest_route=\/wp\/v2\/pages\/29","targetHints":{"allow":["GET"]}}],"collection":[{"href":"https:\/\/www.band-coco.ch\/index.php?rest_route=\/wp\/v2\/pages"}],"about":[{"href":"https:\/\/www.band-coco.ch\/index.php?rest_route=\/wp\/v2\/types\/page"}],"author":[{"embeddable":true,"href":"https:\/\/www.band-coco.ch\/index.php?rest_route=\/wp\/v2\/users\/1"}],"replies":[{"embeddable":true,"href":"https:\/\/www.band-coco.ch\/index.php?rest_route=%2Fwp%2Fv2%2Fcomments&post=29"}],"version-history":[{"count":41,"href":"https:\/\/www.band-coco.ch\/index.php?rest_route=\/wp\/v2\/pages\/29\/revisions"}],"predecessor-version":[{"id":272,"href":"https:\/\/www.band-coco.ch\/index.php?rest_route=\/wp\/v2\/pages\/29\/revisions\/272"}],"wp:featuredmedia":[{"embeddable":true,"href":"https:\/\/www.band-coco.ch\/index.php?rest_route=\/wp\/v2\/media\/200"}],"wp:attachment":[{"href":"https:\/\/www.band-coco.ch\/index.php?rest_route=%2Fwp%2Fv2%2Fmedia&parent=29"}],"curies":[{"name":"wp","href":"https:\/\/api.w.org\/{rel}","templated":true}]}}